{"id":22355,"date":"2024-03-14T04:52:00","date_gmt":"2024-03-14T04:52:00","guid":{"rendered":"https:\/\/www.gotpouchyy.com\/index.php\/product\/privatevault\/"},"modified":"2024-03-15T02:39:55","modified_gmt":"2024-03-15T02:39:55","slug":"privatevault","status":"publish","type":"product","link":"https:\/\/www.gotpouchyy.com\/?product=privatevault","title":{"rendered":"PrivateVault | Coque Iphone robuste anti-espion"},"content":{"rendered":"<h2 style=\"text-align: center;\" data-mce-style=\"text-align: center;\">Dites non aux regards indiscrets !<\/h2>\n<div style=\"text-align: center;\" data-mce-style=\"text-align: center;\">Notre coque de t\u00e9l\u00e9phone est sp\u00e9cialement conu pour contrler la <strong>visibilit\u00e9 de l&#8217;\u00e9cran<\/strong>. Les personnes autour de vous ne pourront plus vous <strong>espionner<\/strong> !<\/div>\n<div style=\"text-align: center;\" data-mce-style=\"text-align: center;\"><img decoding=\"async\" src=\"https:\/\/cdn.shopify.com\/s\/files\/1\/0603\/6881\/4264\/files\/2288_gif_V1_480x480.gif?v=1685718713\" alt=\"\" data-mce-src=\"https:\/\/cdn.shopify.com\/s\/files\/1\/0603\/6881\/4264\/files\/2288_gif_V1_480x480.gif?v=1685718713\"><\/div>\n<h2 style=\"text-align: center;\" data-mce-style=\"text-align: center;\">Fini les casses, \u00e0 ce prix l\u00e0 on entretient son t\u00e9l\u00e9phone !<\/h2>\n<div style=\"text-align: center;\" data-mce-style=\"text-align: center;\"><strong>PrivateVault<\/strong> est une coque de t\u00e9l\u00e9phone <strong>magn\u00e9tique<\/strong> et <strong>r\u00e9sistante<\/strong> qui s&#8217;adapte bien aux courbes de votre mobile pour le mettre en <strong>s\u00e9curit\u00e9<\/strong>.<\/div>\n<div style=\"text-align: center;\" data-mce-style=\"text-align: center;\"><img decoding=\"async\" alt=\"\" src=\"https:\/\/cdn.shopify.com\/s\/files\/1\/0603\/6881\/4264\/files\/phone-case-gif-4_480x480_2a9e6dfa-897f-4a35-b249-d63a0f770f3c_480x480.webp?v=1685718428\" data-mce-src=\"https:\/\/cdn.shopify.com\/s\/files\/1\/0603\/6881\/4264\/files\/phone-case-gif-4_480x480_2a9e6dfa-897f-4a35-b249-d63a0f770f3c_480x480.webp?v=1685718428\"><\/div>\n<h2 style=\"text-align: center;\" data-mce-style=\"text-align: center;\">Soyez plus serins avec notre double protection !<\/h2>\n<div style=\"text-align: center;\" data-mce-style=\"text-align: center;\">Avec <strong>PrivateVault<\/strong> prot\u00e9gez vos <strong>donn\u00e9es<\/strong> et votre <strong>vie priv\u00e9<\/strong> afin de vous faciliter la vie et donc ne plus avoir \u00e0s&#8217;inqui\u00e9ter constamment.<\/div>\n<div style=\"text-align: center;\" data-mce-style=\"text-align: center;\"><img decoding=\"async\" alt=\"\" src=\"https:\/\/cdn.shopify.com\/s\/files\/1\/0603\/6881\/4264\/files\/phone-case-gif-3_480x480_03bf6eaf-1a21-45e2-8fbd-4dcd5e293973_480x480.webp?v=1685718416\" data-mce-src=\"https:\/\/cdn.shopify.com\/s\/files\/1\/0603\/6881\/4264\/files\/phone-case-gif-3_480x480_03bf6eaf-1a21-45e2-8fbd-4dcd5e293973_480x480.webp?v=1685718416\"><\/div>\n<h2 style=\"text-align: center;\" data-mce-style=\"text-align: center;\">Pourquoi choisir PrivateVault ?<\/h2>\n<div style=\"text-align: center;\" data-mce-style=\"text-align: center;\"><span data-mce-fragment=\"1\" class=\"fe5nidar khvhiq1o r5qsrrlp i5tg98hk f9ovudaz przvwfww gx1rr48f gfz4du6o r7fjleex nz2484kf svot0ezm dcnh1tix sxl192xd t3g6t33p\"><span data-mce-fragment=\"1\" class=\"mpj7bzys xzlurrtv\"><\/span><\/span>Robuste<\/div>\n<div style=\"text-align: center;\" data-mce-style=\"text-align: center;\"><strong><span data-mce-fragment=\"1\" class=\"fe5nidar khvhiq1o r5qsrrlp i5tg98hk f9ovudaz przvwfww gx1rr48f gfz4du6o r7fjleex nz2484kf svot0ezm dcnh1tix sxl192xd t3g6t33p\"><span data-mce-fragment=\"1\" class=\"mpj7bzys xzlurrtv\"><\/span><\/span><\/strong>Verre anti-espion<\/div>\n<div style=\"text-align: center;\" data-mce-style=\"text-align: center;\"><span data-mce-fragment=\"1\" class=\"fe5nidar khvhiq1o r5qsrrlp i5tg98hk f9ovudaz przvwfww gx1rr48f gfz4du6o r7fjleex nz2484kf svot0ezm dcnh1tix sxl192xd t3g6t33p\"><span data-mce-fragment=\"1\" class=\"mpj7bzys xzlurrtv\"><\/span><\/span>Magn\u00e9tique<\/div>\n","protected":false},"excerpt":{"rendered":"<p>Dites non aux regards indiscrets ! Notre coque de t\u00e9l\u00e9phone est sp\u00e9cialement conu pour contrler la visibilit\u00e9 de l&#8217;\u00e9cran. Les personnes autour de vous ne pourront plus vous espionner ! Fini les casses, \u00e0 ce prix l\u00e0 on entretient son t\u00e9l\u00e9phone ! PrivateVault est une coque de t\u00e9l\u00e9phone magn\u00e9tique et r\u00e9sistante qui s&#8217;adapte bien aux [&hellip;]<\/p>\n","protected":false},"featured_media":22681,"comment_status":"open","ping_status":"closed","template":"","meta":[],"product_brand":[],"product_cat":[161],"product_tag":[],"class_list":{"0":"post-22355","1":"product","2":"type-product","3":"status-publish","4":"has-post-thumbnail","6":"product_cat-smartphone-accessories","8":"first","9":"instock","10":"shipping-taxable","11":"purchasable","12":"product-type-simple","13":"add-to-wishlist-after_add_to_cart"},"_links":{"self":[{"href":"https:\/\/www.gotpouchyy.com\/index.php?rest_route=\/wp\/v2\/product\/22355","targetHints":{"allow":["GET"]}}],"collection":[{"href":"https:\/\/www.gotpouchyy.com\/index.php?rest_route=\/wp\/v2\/product"}],"about":[{"href":"https:\/\/www.gotpouchyy.com\/index.php?rest_route=\/wp\/v2\/types\/product"}],"replies":[{"embeddable":true,"href":"https:\/\/www.gotpouchyy.com\/index.php?rest_route=%2Fwp%2Fv2%2Fcomments&post=22355"}],"wp:featuredmedia":[{"embeddable":true,"href":"https:\/\/www.gotpouchyy.com\/index.php?rest_route=\/wp\/v2\/media\/22681"}],"wp:attachment":[{"href":"https:\/\/www.gotpouchyy.com\/index.php?rest_route=%2Fwp%2Fv2%2Fmedia&parent=22355"}],"wp:term":[{"taxonomy":"product_brand","embeddable":true,"href":"https:\/\/www.gotpouchyy.com\/index.php?rest_route=%2Fwp%2Fv2%2Fproduct_brand&post=22355"},{"taxonomy":"product_cat","embeddable":true,"href":"https:\/\/www.gotpouchyy.com\/index.php?rest_route=%2Fwp%2Fv2%2Fproduct_cat&post=22355"},{"taxonomy":"product_tag","embeddable":true,"href":"https:\/\/www.gotpouchyy.com\/index.php?rest_route=%2Fwp%2Fv2%2Fproduct_tag&post=22355"}],"curies":[{"name":"wp","href":"https:\/\/api.w.org\/{rel}","templated":true}]}}